{"id":120,"date":"2009-07-31T18:57:44","date_gmt":"2009-08-01T01:57:44","guid":{"rendered":"http:\/\/bassic-sax.info\/version5\/?page_id=120"},"modified":"2021-01-04T09:37:37","modified_gmt":"2021-01-04T11:37:37","slug":"pierret","status":"publish","type":"page","link":"https:\/\/bassic-sax.info\/version5\/vintage-saxes\/european-made-saxes\/pierret\/","title":{"rendered":"Pierret"},"content":{"rendered":"<figure id=\"attachment_1256\" aria-describedby=\"caption-attachment-1256\" style=\"width: 1000px\" class=\"wp-caption alignnone\"><a href=\"https:\/\/i0.wp.com\/bassic-sax.info\/version5\/wp-content\/uploads\/2009\/07\/Bell-Shot-11.jpg\"><img data-recalc-dims=\"1\" loading=\"lazy\" decoding=\"async\" data-attachment-id=\"1256\" data-permalink=\"https:\/\/bassic-sax.info\/version5\/vintage-saxes\/european-made-saxes\/pierret\/bell-shot-1-2\/\" data-orig-file=\"https:\/\/i0.wp.com\/bassic-sax.info\/version5\/wp-content\/uploads\/2009\/07\/Bell-Shot-11.jpg?fit=1000%2C668&amp;ssl=1\" data-orig-size=\"1000,668\" data-comments-opened=\"0\" data-image-meta=\"{&quot;aperture&quot;:&quot;0&quot;,&quot;credit&quot;:&quot;&quot;,&quot;camera&quot;:&quot;&quot;,&quot;caption&quot;:&quot;&quot;,&quot;created_timestamp&quot;:&quot;0&quot;,&quot;copyright&quot;:&quot;&quot;,&quot;focal_length&quot;:&quot;0&quot;,&quot;iso&quot;:&quot;0&quot;,&quot;shutter_speed&quot;:&quot;0&quot;,&quot;title&quot;:&quot;&quot;}\" data-image-title=\"Bell-Shot-1\" data-image-description=\"\" data-image-caption=\"\" data-large-file=\"https:\/\/i0.wp.com\/bassic-sax.info\/version5\/wp-content\/uploads\/2009\/07\/Bell-Shot-11.jpg?fit=1000%2C668&amp;ssl=1\" class=\" wp-image-1256 size-full\" title=\"Bell-Shot-1\" src=\"https:\/\/i0.wp.com\/bassic-sax.info\/version5\/wp-content\/uploads\/2009\/07\/Bell-Shot-11.jpg?resize=1000%2C668\" alt=\"saxophone, Pierret, alto, French, vintage, silver plated\" width=\"1000\" height=\"668\" srcset=\"https:\/\/i0.wp.com\/bassic-sax.info\/version5\/wp-content\/uploads\/2009\/07\/Bell-Shot-11.jpg?w=1000&amp;ssl=1 1000w, https:\/\/i0.wp.com\/bassic-sax.info\/version5\/wp-content\/uploads\/2009\/07\/Bell-Shot-11.jpg?resize=300%2C200&amp;ssl=1 300w\" sizes=\"auto, (max-width: 1000px) 100vw, 1000px\" \/><\/a><figcaption id=\"caption-attachment-1256\" class=\"wp-caption-text\">Concerto Model With Virtuor Improvement Serial # 51XX circa 1930 Photo by H. Kahlke<\/figcaption><\/figure>\n<p>Pierret was a saxophone-only manufacturer located&nbsp;outside of&nbsp;Paris, France. They were in operation from 1906 until approximately 1972. Although not as wildly popular or nearly well known as Selmer, Pierret had a reputation for making fine saxophones. Even now in the vintage saxophone community they have some very loyal followers, and quite dedicated players.<\/p>\n<p>Besides making their own&nbsp;lines of instruments, Pierret also made stencil saxophones for Santy Runyon, Paul Buescher, Olds,&nbsp;as well as&nbsp;others.<\/p>\n<h2>Only In Canada You Say? Pity&#8230;<\/h2>\n<p>One name that you see&nbsp;somewhat regularly\u2014especially here in Canada\u2014is C. Jeuffroy. C. Jeuffroy was a trade name from <a name=\"footer_1\"><\/a>Noblet-Thibouville.<sup>1<\/sup> French saxophonist, Manuel Garcin, who was writing the history of some of the lesser known French saxophone manufacturers, responded to a question that I posted about my C. Jeuffroy alto saxophone (shown above). This is what he said:<\/p>\n<blockquote><p>I have see only 2 others Pierret like yours:<\/p>\n<p>One Concerto Model C. Jeuffroy, micro tuner etc. with the serial 6851.<\/p>\n<p>Another Virtuor Model without the C. Jeuffroy label with a SN 4783.<\/p>\n<p>I don&#8217;t think that your sax could be considered as a stencil as there is the Pierret label on it. C. Jeuffroy is only the name of the front store.<\/p>\n<p>Some of these sax (Pierret) have been used by the &#8220;La garde r\u00e9publicaine&#8221; which is a sign a good quality and by numerous &#8220;fanfares&#8221; in France\u2026.<\/p>\n<p>There are lot of models of Pierret which are named from &#8220;Mod\u00e8le 1&#8221; to &#8220;Mod\u00e8le 7&#8221; and after appears Super Artist series (mod\u00e8le in the French word of model). From Mod\u00e8le 3 appears the label &#8220;Nil Melior depos\u00e9e&#8221; =&gt; Patent name<\/p>\n<p>Some Pierret models are relatively basic others are more elaborated as one modele 7 including extra trill keys, Conn style microtuner etc&#8230; a Chu berry tardive inspiration.<\/p>\n<p>For some old French saxophonists Pierret was during 50 to 70 a very good brand but not all the sax of the series was good.<\/p>\n<p>Pierret have product a lot of stencil horn for French market (like Paul Beuscher) but more for North American market (like Olds)\u2026.<\/p>\n<p>I have search and finally find that the patent of the neck octave key of your sax was deposed to the French patent service in March 1929. So, your sax is probably post 1929 =&gt; 30&#8217;&#8230;.<\/p>\n<p>About the same sax as yours, I saw it on Ebay 2,5 year ago and the seller was&#8230; in Canada B.C ! Strange ?!!!&#8230;.Perhaps someone have try importation for a Canadian music store in BC and have bought some of these horns at the C. Jeuffroy store in Paris.<\/p><\/blockquote>\n<p>Over the years I&#8217;ve had a number of people contact me about their Pierret saxophones, many of which have been either identical or nearly identical to mine. A great many of these saxophones have been located in Canada. It makes one wonder if there wasn&#8217;t an importer here at one time or another, bringing C. Jeuffroy engraved Pierret saxophones into the country.<\/p>\n<h2>Models, Models, &amp; Even More Models<\/h2>\n<p>Vintage saxophone historian, <a href=\"http:\/\/thesax.info\/\" target=\"_blank\" rel=\"noopener\">Pete Hales<\/a>, had done a fair amount of research into the Pierret brand when he still owned the <a href=\"http:\/\/saxpics.com\/\" target=\"_blank\" rel=\"noopener\">Vintage Saxophone Gallery<\/a>. He speculated that the order of their <em>house<\/em> models &amp; more common stencils were as follows:<\/p>\n<ul>\n<li><a href=\"https:\/\/bassic-sax.info\/pix\/index.php?\/category\/13655\" target=\"_blank\" rel=\"noopener\">Unlabelled<\/a> or stamped <a href=\"https:\/\/bassic-sax.info\/pix\/index.php?\/category\/12836\" target=\"_blank\" rel=\"noopener\">Corps Embouti<\/a>: probably to about 1920;<\/li>\n<li>Modele 1-7: probably discontinued in early to mid-1920s and possibly all produced concurrently (<a href=\"https:\/\/bassic-sax.info\/pix\/index.php?\/category\/13647\" target=\"_blank\" rel=\"noopener\">4<\/a>, <a href=\"https:\/\/bassic-sax.info\/pix\/index.php?\/category\/2297\" target=\"_blank\" rel=\"noopener\">5<\/a>, <a href=\"https:\/\/bassic-sax.info\/pix\/index.php?\/category\/12944\" target=\"_blank\" rel=\"noopener\">5S<\/a>, <a href=\"https:\/\/bassic-sax.info\/pix\/index.php?\/category\/12827\" target=\"_blank\" rel=\"noopener\">6<\/a>, <a href=\"https:\/\/bassic-sax.info\/pix\/index.php?\/category\/1332\" target=\"_blank\" rel=\"noopener\">7)<\/a>&nbsp;<\/li>\n<li><a href=\"https:\/\/bassic-sax.info\/pix\/index.php?\/category\/13656\" target=\"_blank\" rel=\"noopener\">Vibrator<\/a>: probably introduced in early to mid-1920s;<\/li>\n<li><a href=\"https:\/\/bassic-sax.info\/pix\/index.php?\/category\/13657\" target=\"_blank\" rel=\"noopener\">Virtuor<\/a>: neck design patented in 1929;<\/li>\n<li><a href=\"http:\/\/bassic-sax.info\/version5\/vintage-saxes\/european-made-saxes\/pierret\/pierret-galleries\/concerto-with-virtuor\" target=\"_blank\" rel=\"noopener\">Concerto with Virtuor<\/a>: probably mid to late 1930s;<\/li>\n<li><a href=\"https:\/\/bassic-sax.info\/pix\/index.php?\/category\/13653\" target=\"_blank\" rel=\"noopener\">Super 8<\/a>: late 1930s;<\/li>\n<li>Probable WW II Hiatus;<\/li>\n<li><a href=\"https:\/\/bassic-sax.info\/pix\/index.php?\/category\/13651\" target=\"_blank\" rel=\"noopener\">Oxford<\/a> &amp; <a href=\"https:\/\/bassic-sax.info\/pix\/index.php?\/category\/13738\" target=\"_blank\" rel=\"noopener\">Santy Runyon<\/a> stencils: probably from around 1945 to 1948 or so;<\/li>\n<li><a href=\"https:\/\/bassic-sax.info\/pix\/index.php?\/category\/1337\" target=\"_blank\" rel=\"noopener\">Super Artiste<\/a>:&nbsp;probably produced alongside the Artiste for awhile post 1953, since&nbsp;that was&nbsp;when the patent was issued;<\/li>\n<li><a href=\"https:\/\/bassic-sax.info\/pix\/index.php?\/category\/13631\" target=\"_blank\" rel=\"noopener\">Artiste Competition<\/a> &amp; <a href=\"https:\/\/bassic-sax.info\/pix\/index.php?\/category\/13734\" target=\"_blank\" rel=\"noopener\">Olds stencils<\/a>;<\/li>\n<li><a href=\"https:\/\/bassic-sax.info\/pix\/index.php?\/category\/1334\" target=\"_blank\" rel=\"noopener\">Parisian Ambassador<\/a>: probably from about 1963 on-wards.<\/li>\n<\/ul>\n<p>In addition to the models that Pete Hales has identified above, to date I have further identified the following models\/submodels:<\/p>\n<ul>\n<li><a href=\"https:\/\/bassic-sax.info\/pix\/index.php?\/category\/13644\" target=\"_blank\" rel=\"noopener\">Concerto<\/a>;<\/li>\n<li><a href=\"https:\/\/bassic-sax.info\/pix\/index.php?\/category\/13649\" target=\"_blank\" rel=\"noopener\">Modele D\u2019Artistes<\/a>;<\/li>\n<li><a href=\"https:\/\/bassic-sax.info\/pix\/index.php?\/category\/13637\" target=\"_blank\" rel=\"noopener\">Competition;<\/a><\/li>\n<li><a href=\"https:\/\/bassic-sax.info\/pix\/index.php?\/category\/13626\" target=\"_blank\" rel=\"noopener\">Artiste<\/a>;<\/li>\n<li><a href=\"http:\/\/bassic-sax.info\/4images\/categories.php?cat_id=1575\" target=\"_blank\" rel=\"noopener\">Ambassador<\/a>;<\/li>\n<li><a href=\"https:\/\/bassic-sax.info\/pix\/index.php?\/category\/12829\" target=\"_blank\" rel=\"noopener\">Modele Competition<\/a>;<\/li>\n<li><a href=\"https:\/\/bassic-sax.info\/pix\/index.php?\/category\/13654\" target=\"_blank\" rel=\"noopener\">Tilleman La Haye<\/a>;<\/li>\n<li><a href=\"https:\/\/bassic-sax.info\/pix\/index.php?\/category\/13646\" target=\"_blank\" rel=\"noopener\">Embassy<\/a>;<\/li>\n<li><a href=\"https:\/\/bassic-sax.info\/pix\/index.php?\/category\/13650\" target=\"_blank\" rel=\"noopener\">Nil M\u00e9lior Mod\u00e9le Standard<\/a><\/li>\n<li><a href=\"https:\/\/bassic-sax.info\/pix\/index.php?\/category\/13648\" target=\"_blank\" rel=\"noopener\">Modele 42<\/a>;<\/li>\n<li><a href=\"https:\/\/bassic-sax.info\/pix\/index.php?\/category\/13710\" target=\"_blank\" rel=\"noopener\">Super Artiste 47<\/a>;<\/li>\n<li><a href=\"https:\/\/bassic-sax.info\/pix\/index.php?\/category\/13711\" target=\"_blank\" rel=\"noopener\">Super Artiste 48<\/a>;<\/li>\n<li>As well as some <a href=\"https:\/\/bassic-sax.info\/pix\/index.php?\/category\/13818\" target=\"_blank\" rel=\"noopener\">late models<\/a><\/li>\n<\/ul>\n<p>As well as the following stencils:<\/p>\n<ul>\n<li><a href=\"https:\/\/bassic-sax.info\/pix\/index.php?\/category\/13740\" target=\"_blank\" rel=\"noopener\">Ambassador <\/a>(for Olds);<\/li>\n<li>Constellation (for <a href=\"https:\/\/bassic-sax.info\/pix\/index.php?\/category\/13737\" target=\"_blank\" rel=\"noopener\">Robert Martin Macon<\/a>);<\/li>\n<li><a href=\"https:\/\/bassic-sax.info\/pix\/index.php?\/category\/13732\" target=\"_blank\" rel=\"noopener\">Couesnon<\/a>;<\/li>\n<li><a href=\"https:\/\/bassic-sax.info\/pix\/index.php?\/category\/13735\" target=\"_blank\" rel=\"noopener\">JR Lafleur &amp; Son<\/a>;<\/li>\n<li><a href=\"https:\/\/bassic-sax.info\/pix\/index.php?\/category\/13733\" target=\"_blank\" rel=\"noopener\">R Medalist<\/a> (for F.A. Reynolds);<\/li>\n<li><a href=\"https:\/\/bassic-sax.info\/pix\/index.php?\/category\/13736\" target=\"_blank\" rel=\"noopener\"><b class=\"title\">Ren\u00e9 Dumont<\/b><\/a>;<\/li>\n<li><a href=\"https:\/\/bassic-sax.info\/pix\/index.php?\/category\/13739\" target=\"_blank\" rel=\"noopener\">Sioma<\/a>;<\/li>\n<li><a href=\"http:\/\/bassic-sax.info\/4images\/categories.php?cat_id=2248\" target=\"_blank\" rel=\"noopener\">Sylvester<\/a>.<\/li>\n<\/ul>\n<p><a href=\"https:\/\/i0.wp.com\/bassic-sax.info\/version5\/wp-content\/uploads\/2009\/07\/Card.jpg\"><img data-recalc-dims=\"1\" loading=\"lazy\" decoding=\"async\" data-attachment-id=\"2084\" data-permalink=\"https:\/\/bassic-sax.info\/version5\/vintage-saxes\/european-made-saxes\/pierret\/card-2\/\" data-orig-file=\"https:\/\/i0.wp.com\/bassic-sax.info\/version5\/wp-content\/uploads\/2009\/07\/Card.jpg?fit=640%2C480&amp;ssl=1\" data-orig-size=\"640,480\" data-comments-opened=\"0\" data-image-meta=\"{&quot;aperture&quot;:&quot;0&quot;,&quot;credit&quot;:&quot;&quot;,&quot;camera&quot;:&quot;&quot;,&quot;caption&quot;:&quot;&quot;,&quot;created_timestamp&quot;:&quot;0&quot;,&quot;copyright&quot;:&quot;&quot;,&quot;focal_length&quot;:&quot;0&quot;,&quot;iso&quot;:&quot;0&quot;,&quot;shutter_speed&quot;:&quot;0&quot;,&quot;title&quot;:&quot;&quot;}\" data-image-title=\"Card\" data-image-description=\"\" data-image-caption=\"\" data-large-file=\"https:\/\/i0.wp.com\/bassic-sax.info\/version5\/wp-content\/uploads\/2009\/07\/Card.jpg?fit=640%2C480&amp;ssl=1\" class=\"alignnone wp-image-2084 size-full\" title=\"Card\" src=\"https:\/\/i0.wp.com\/bassic-sax.info\/version5\/wp-content\/uploads\/2009\/07\/Card.jpg?resize=640%2C480\" alt=\"Pierret, business card, Pierret Company, Paris, France\" width=\"640\" height=\"480\" srcset=\"https:\/\/i0.wp.com\/bassic-sax.info\/version5\/wp-content\/uploads\/2009\/07\/Card.jpg?w=640&amp;ssl=1 640w, https:\/\/i0.wp.com\/bassic-sax.info\/version5\/wp-content\/uploads\/2009\/07\/Card.jpg?resize=300%2C225&amp;ssl=1 300w\" sizes=\"auto, (max-width: 640px) 100vw, 640px\" \/><\/a><\/p>\n<p><span style=\"font-size: 10px;\">Source: eBay.com<\/span><\/p>\n<h2>Looking For Pierret Pics? I&#8217;ve Got&#8217;em By The Hundreds For You To Peruse<\/h2>\n<p>Pete and I have created a <a href=\"https:\/\/bassic-sax.info\/pix\/index.php?\/category\/pierret\" target=\"_blank\" rel=\"noopener\">Pierret Gallery<\/a> where all the different models that I have found to date are displayed.<sup>&nbsp;<\/sup>If you have a Pierret that you would like to contribute to gallery, <a href=\"mailto:bassic.sax.info@gmail.com\">please get in touch with me.<\/a> Thanks!<\/p>\n<h2>Serial Number Theory By Pete Hales<\/h2>\n<p>Unfortunately no one has been able to conclusively crack the mystery that is the serial number system&nbsp;of Pierret saxophones. Pete has theorized that until the Oxford model was introduced, the serial numbers were sequential for each model rather than for the brand. So if you were looking at Vibrator #1285, it was the 1285th Vibrator made, rather than the 1285th Pierret made. This is what Pete says about later models of Pierret saxes though:<\/p>\n<blockquote><p>&#8230;the serial numberage may have changed to the traditional form in the late 1940&#8217;s\u2014i.e. post WWII\u2014when the Oxford was introduced, but starting with serial number 1. In other words, I can accept that there were approximately 50,000 Oxford and Artiste horns produced, especially when factoring in the various versions of each and the large amount of stencils of each, especially considering I&#8217;ve seen Super Artiste and Oxford horns with very low serial numberage.<\/p>\n<p><span style=\"font-size: 10px;\">Source: <a href=\"http:\/\/saxpics.com\/?v=man&amp;manID=16\" target=\"_blank\" rel=\"noopener\">saxpics.com<\/a><\/span><\/p><\/blockquote>\n<h2>If One Model Is Good, Then Two Is Better<\/h2>\n<p>Another thing that Pierret did, that was rather unusual, was have 2 different lines of saxophones going at the same time. (Although Selmer has taken a page from this play book over the past few years as well, but in Selmer&#8217;s case they have a lot more than 2 different models of some voices of sax.) Pierret had one line would be a plain version\u2014what they called <em><a href=\"http:\/\/bassic-sax.info\/version5\/vintage-saxes\/european-made-saxes\/pierret\/pierret-galleries\/standard\">Standard<\/a><\/em>\u2014while the other would have more features such as a front F key, additional trill keys, and\/or a microtuner. These two different lines are nicely illustrated in this 1952 Hagstrom catalogue. Here&nbsp;the <em>Super Artiste,<\/em> and the <em>Standard<\/em> model of both alto and tenor saxophones, are being advertised together.<\/p>\n<p><a href=\"https:\/\/i0.wp.com\/bassic-sax.info\/version5\/wp-content\/uploads\/2009\/07\/1952P38.jpg\"><img data-recalc-dims=\"1\" loading=\"lazy\" decoding=\"async\" data-attachment-id=\"1270\" data-permalink=\"https:\/\/bassic-sax.info\/version5\/vintage-saxes\/european-made-saxes\/pierret\/1952p38\/\" data-orig-file=\"https:\/\/i0.wp.com\/bassic-sax.info\/version5\/wp-content\/uploads\/2009\/07\/1952P38.jpg?fit=565%2C818&amp;ssl=1\" data-orig-size=\"565,818\" data-comments-opened=\"0\" data-image-meta=\"{&quot;aperture&quot;:&quot;0&quot;,&quot;credit&quot;:&quot;&quot;,&quot;camera&quot;:&quot;&quot;,&quot;caption&quot;:&quot;&quot;,&quot;created_timestamp&quot;:&quot;0&quot;,&quot;copyright&quot;:&quot;&quot;,&quot;focal_length&quot;:&quot;0&quot;,&quot;iso&quot;:&quot;0&quot;,&quot;shutter_speed&quot;:&quot;0&quot;,&quot;title&quot;:&quot;&quot;}\" data-image-title=\"Super Artiste Pierrets\" data-image-description=\"\" data-image-caption=\"\" data-large-file=\"https:\/\/i0.wp.com\/bassic-sax.info\/version5\/wp-content\/uploads\/2009\/07\/1952P38.jpg?fit=565%2C818&amp;ssl=1\" class=\"alignnone size-full wp-image-1270\" title=\"Super Artiste Pierrets\" src=\"https:\/\/i0.wp.com\/bassic-sax.info\/version5\/wp-content\/uploads\/2009\/07\/1952P38.jpg?resize=565%2C818\" alt=\"Pierret, vintage catalogue page, from 1952, Super Artiste &amp; Standard saxophones, alto sax, tenor sax\" width=\"565\" height=\"818\" srcset=\"https:\/\/i0.wp.com\/bassic-sax.info\/version5\/wp-content\/uploads\/2009\/07\/1952P38.jpg?w=565&amp;ssl=1 565w, https:\/\/i0.wp.com\/bassic-sax.info\/version5\/wp-content\/uploads\/2009\/07\/1952P38.jpg?resize=207%2C300&amp;ssl=1 207w\" sizes=\"auto, (max-width: 565px) 100vw, 565px\" \/><\/a><\/p>\n<p><span style=\"font-size: 10px;\">Source: hagstrom.org.uk&nbsp; Used with permission<\/span><\/p>\n<p>If you notice the prices of the saxophones in this vintage Hagstrom catalogue, there was not a significant difference between the <em>Super Artiste<\/em> and the <em>Standard<\/em> model. Not what one would expect, say between a student and a pro model. To my knowledge, Pierret did not make student model saxophones, although they did build different quality of&nbsp;instruments when requested. For example, when F.E. Olds &amp; Sons contracted Pierret to build the <a href=\"http:\/\/bassic-sax.info\/version5\/vintage-saxes\/european-made-saxes\/pierret\/pierret-galleries\/olds-stencil-saxes\">Parisian<\/a> model of saxophone, it was&nbsp;of a higher quality than the <a href=\"http:\/\/bassic-sax.info\/version5\/vintage-saxes\/european-made-saxes\/pierret\/pierret-galleries\/olds-stencil-saxes\/parisian-ambassador\">Parisian Ambassador<\/a>.<\/p>\n<p>According to repair tech and saxophone dealer&nbsp;Kim Slava:<\/p>\n<blockquote><p>&#8230;the Parisian Ambassador was somewhat simplified, (e.g. lighter gauge brass was used for the body, posts instead of strong brackets in places, plastic buttons instead of mother of pearl)&#8230;<\/p>\n<p><span style=\"font-size: 10px;\">Source: <a href=\"http:\/\/doctorsax.biz\/olds_parisian_tenor.htm\" target=\"_blank\" rel=\"noopener\">doctorsax.biz<\/a><\/span><\/p><\/blockquote>\n<p>Notice how Olds describes their Pierret-made Parisian Ambassador in the following ad from 1963. It certainly had its fair share of features, and wasn&#8217;t built to be a <em>shove it in the closet and forget about it<\/em> horn.<\/p>\n<p><a href=\"http:\/\/bassic-sax.info\/version5\/vintage-saxes\/european-made-saxes\/pierret\/1963-olds-parisian-ad\" rel=\"attachment wp-att-6402\"><img data-recalc-dims=\"1\" loading=\"lazy\" decoding=\"async\" data-attachment-id=\"6402\" data-permalink=\"https:\/\/bassic-sax.info\/version5\/vintage-saxes\/european-made-saxes\/pierret\/1963-olds-parisian-ad\/\" data-orig-file=\"https:\/\/i0.wp.com\/bassic-sax.info\/version5\/wp-content\/uploads\/2009\/07\/1963-Olds-Parisian-Ad.jpg?fit=1188%2C1600&amp;ssl=1\" data-orig-size=\"1188,1600\" data-comments-opened=\"0\" data-image-meta=\"{&quot;aperture&quot;:&quot;0&quot;,&quot;credit&quot;:&quot;&quot;,&quot;camera&quot;:&quot;&quot;,&quot;caption&quot;:&quot;&quot;,&quot;created_timestamp&quot;:&quot;0&quot;,&quot;copyright&quot;:&quot;&quot;,&quot;focal_length&quot;:&quot;0&quot;,&quot;iso&quot;:&quot;0&quot;,&quot;shutter_speed&quot;:&quot;0&quot;,&quot;title&quot;:&quot;&quot;}\" data-image-title=\"1963 Olds Parisian Ad\" data-image-description=\"\" data-image-caption=\"\" data-large-file=\"https:\/\/i0.wp.com\/bassic-sax.info\/version5\/wp-content\/uploads\/2009\/07\/1963-Olds-Parisian-Ad.jpg?fit=760%2C1024&amp;ssl=1\" class=\"alignnone wp-image-6402 size-full\" title=\"1963 Olds Parisian Ambassador Ad\" src=\"https:\/\/i0.wp.com\/bassic-sax.info\/version5\/wp-content\/uploads\/2009\/07\/1963-Olds-Parisian-Ad.jpg?resize=1188%2C1600\" alt=\"vintage ad, saxophone, Pierret, Parisian Ambassador, Olds, stencil sax\" width=\"1188\" height=\"1600\" srcset=\"https:\/\/i0.wp.com\/bassic-sax.info\/version5\/wp-content\/uploads\/2009\/07\/1963-Olds-Parisian-Ad.jpg?w=1188&amp;ssl=1 1188w, https:\/\/i0.wp.com\/bassic-sax.info\/version5\/wp-content\/uploads\/2009\/07\/1963-Olds-Parisian-Ad.jpg?resize=222%2C300&amp;ssl=1 222w, https:\/\/i0.wp.com\/bassic-sax.info\/version5\/wp-content\/uploads\/2009\/07\/1963-Olds-Parisian-Ad.jpg?resize=760%2C1024&amp;ssl=1 760w\" sizes=\"auto, (max-width: 1188px) 100vw, 1188px\" \/><\/a><\/p>\n<p><span style=\"font-size: 10px;\">Source: ANTIQUE~GRAPHIQUE on eBay.com<\/span><\/p>\n<p>If you&#8217;d like to read more about the Pierret company history, including the variety of patents that Pierret acquired, I suggest you check out the <a href=\"http:\/\/saxpics.com\/?v=man&amp;manID=16\" target=\"_blank\" rel=\"noopener\">Pierret History Page<\/a>, on the Vintage Saxophone Gallery. All of Pete&#8217;s research is included there.<\/p>\n<p>________________________________________________________________________________________<\/p>\n<p>\u00b9 <a href=\"http:\/\/saxpics.com\/?v=man&amp;manID=16\" target=\"_blank\" rel=\"noopener\">Pierret History<\/a> page of The Vintage Saxophone Gallery<\/p>\n","protected":false},"excerpt":{"rendered":"<p>Pierret was a saxophone-only manufacturer located&nbsp;outside of&nbsp;Paris, France. They were in operation from 1906 until approximately 1972. Although not as wildly popular or nearly well&hellip;<\/p>\n","protected":false},"author":1,"featured_media":0,"parent":96,"menu_order":0,"comment_status":"closed","ping_status":"closed","template":"","meta":{"ngg_post_thumbnail":0,"footnotes":""},"class_list":["post-120","page","type-page","status-publish","hentry"],"aioseo_notices":[],"jetpack_shortlink":"https:\/\/wp.me\/P30OPe-1W","jetpack_sharing_enabled":true,"_links":{"self":[{"href":"https:\/\/bassic-sax.info\/version5\/wp-json\/wp\/v2\/pages\/120","targetHints":{"allow":["GET"]}}],"collection":[{"href":"https:\/\/bassic-sax.info\/version5\/wp-json\/wp\/v2\/pages"}],"about":[{"href":"https:\/\/bassic-sax.info\/version5\/wp-json\/wp\/v2\/types\/page"}],"author":[{"embeddable":true,"href":"https:\/\/bassic-sax.info\/version5\/wp-json\/wp\/v2\/users\/1"}],"replies":[{"embeddable":true,"href":"https:\/\/bassic-sax.info\/version5\/wp-json\/wp\/v2\/comments?post=120"}],"version-history":[{"count":0,"href":"https:\/\/bassic-sax.info\/version5\/wp-json\/wp\/v2\/pages\/120\/revisions"}],"up":[{"embeddable":true,"href":"https:\/\/bassic-sax.info\/version5\/wp-json\/wp\/v2\/pages\/96"}],"wp:attachment":[{"href":"https:\/\/bassic-sax.info\/version5\/wp-json\/wp\/v2\/media?parent=120"}],"curies":[{"name":"wp","href":"https:\/\/api.w.org\/{rel}","templated":true}]}}