{"id":1490,"date":"2009-11-02T15:33:19","date_gmt":"2009-11-02T23:33:19","guid":{"rendered":"http:\/\/bassic-sax.info\/version5\/?page_id=1490"},"modified":"2023-05-25T10:53:21","modified_gmt":"2023-05-25T17:53:21","slug":"jelle-stainer","status":"publish","type":"page","link":"https:\/\/bassic-sax.info\/version5\/modern-saxes\/jelle-stainer\/","title":{"rendered":"J&#8217;\u00c9lle Stainer"},"content":{"rendered":"<p><a href=\"https:\/\/i0.wp.com\/bassic-sax.info\/version5\/wp-content\/uploads\/2009\/11\/J-Elle-Stainer-logo.jpg\"><img data-recalc-dims=\"1\" loading=\"lazy\" decoding=\"async\" data-attachment-id=\"4580\" data-permalink=\"https:\/\/bassic-sax.info\/version5\/modern-saxes\/jelle-stainer\/j-elle-stainer-logo\/\" data-orig-file=\"https:\/\/i0.wp.com\/bassic-sax.info\/version5\/wp-content\/uploads\/2009\/11\/J-Elle-Stainer-logo.jpg?fit=498%2C174&amp;ssl=1\" data-orig-size=\"498,174\" data-comments-opened=\"0\" data-image-meta=\"{&quot;aperture&quot;:&quot;0&quot;,&quot;credit&quot;:&quot;&quot;,&quot;camera&quot;:&quot;&quot;,&quot;caption&quot;:&quot;&quot;,&quot;created_timestamp&quot;:&quot;0&quot;,&quot;copyright&quot;:&quot;&quot;,&quot;focal_length&quot;:&quot;0&quot;,&quot;iso&quot;:&quot;0&quot;,&quot;shutter_speed&quot;:&quot;0&quot;,&quot;title&quot;:&quot;&quot;}\" data-image-title=\"J&amp;#8217; Elle Stainer logo\" data-image-description=\"\" data-image-caption=\"\" data-large-file=\"https:\/\/i0.wp.com\/bassic-sax.info\/version5\/wp-content\/uploads\/2009\/11\/J-Elle-Stainer-logo.jpg?fit=498%2C174&amp;ssl=1\" class=\"alignleft size-full wp-image-4580\" title=\"J' Elle Stainer logo\" src=\"https:\/\/i0.wp.com\/bassic-sax.info\/version5\/wp-content\/uploads\/2009\/11\/J-Elle-Stainer-logo.jpg?resize=498%2C174\" alt=\"J'\u00c9lle Stainer logo, J'\u00c9lle Stainer saxophones\" width=\"498\" height=\"174\" srcset=\"https:\/\/i0.wp.com\/bassic-sax.info\/version5\/wp-content\/uploads\/2009\/11\/J-Elle-Stainer-logo.jpg?w=498&amp;ssl=1 498w, https:\/\/i0.wp.com\/bassic-sax.info\/version5\/wp-content\/uploads\/2009\/11\/J-Elle-Stainer-logo.jpg?resize=300%2C104&amp;ssl=1 300w\" sizes=\"auto, (max-width: 498px) 100vw, 498px\" \/><\/a><br \/>\n<a href=\"http:\/\/www.below65-4hz.com\/\" target=\"_blank\" rel=\"noopener\">J&#8217;\u00c9lle Stainer<\/a> from Brazil is&nbsp;one of&nbsp;the most innovative saxophone manufactures on the planet.&nbsp;In addition to that, J&#8217;Elle Stainer is also the company that produces the greatest number of current production model bass saxophones. This is especially true&nbsp;if you take into account all the possible optional configurations available for order. Not a small feat when you consider that&nbsp;as little as 5 years ago this company was relatively unknown in the mainstream saxophone world.<\/p>\n<p>J&#8217;Elle Stainer&#8217;s unique tag line and web address\u2014below 65.4hz\u2014refers to the&nbsp;tones below the low A on a baritone saxophone.<\/p>\n<p>The company was founded by Brazilian instrument maker and&nbsp;inventor, Jo\u00e3o Luiz Da Rocha, who for years made bass saxophones under the names J&#8217;\u00c9lle and Stainer.&nbsp;He opened a factory just outside of S\u00e3o Paulo, and hired some former workers of Weril, a Brazilian saxophone manufacturer. Circa &#8217;05,&nbsp;he decided to combine the 2 names together, and the J&#8217;\u00c9lle Stainer company was born.<\/p>\n<p>Today&nbsp;J&#8217;\u00c9lle Stainer&nbsp;produces some of the most interesting and unique saxophones in the world. In the words of J&#8217;\u00c9lle Stainer&#8217;s Gilberto Lopes:<\/p>\n<blockquote><p>J&#8217;Elle Stainer is more like a research lab for saxophonists, where we create new instruments and are open to any idea of project&#8230;<\/p><\/blockquote>\n<p>This section of my site is dedicated to the innovative saxophones of a company that got its start thanks to a&nbsp;cutting-edge instrument maker with perfect pitch.<\/p>\n<p><a href=\"http:\/\/bassic-sax.info\/version5\/modern-saxes\/jelle-stainer\/vintage-bass\">Vintage Bass<\/a><\/p>\n","protected":false},"excerpt":{"rendered":"<p>J&#8217;\u00c9lle Stainer from Brazil is&nbsp;one of&nbsp;the most innovative saxophone manufactures on the planet.&nbsp;In addition to that, J&#8217;Elle Stainer is also the company that produces the&hellip;<\/p>\n","protected":false},"author":3,"featured_media":0,"parent":24,"menu_order":0,"comment_status":"closed","ping_status":"closed","template":"","meta":{"ngg_post_thumbnail":0,"footnotes":""},"class_list":["post-1490","page","type-page","status-publish","hentry"],"aioseo_notices":[],"jetpack_shortlink":"https:\/\/wp.me\/P30OPe-o2","jetpack_sharing_enabled":true,"_links":{"self":[{"href":"https:\/\/bassic-sax.info\/version5\/wp-json\/wp\/v2\/pages\/1490","targetHints":{"allow":["GET"]}}],"collection":[{"href":"https:\/\/bassic-sax.info\/version5\/wp-json\/wp\/v2\/pages"}],"about":[{"href":"https:\/\/bassic-sax.info\/version5\/wp-json\/wp\/v2\/types\/page"}],"author":[{"embeddable":true,"href":"https:\/\/bassic-sax.info\/version5\/wp-json\/wp\/v2\/users\/3"}],"replies":[{"embeddable":true,"href":"https:\/\/bassic-sax.info\/version5\/wp-json\/wp\/v2\/comments?post=1490"}],"version-history":[{"count":0,"href":"https:\/\/bassic-sax.info\/version5\/wp-json\/wp\/v2\/pages\/1490\/revisions"}],"up":[{"embeddable":true,"href":"https:\/\/bassic-sax.info\/version5\/wp-json\/wp\/v2\/pages\/24"}],"wp:attachment":[{"href":"https:\/\/bassic-sax.info\/version5\/wp-json\/wp\/v2\/media?parent=1490"}],"curies":[{"name":"wp","href":"https:\/\/api.w.org\/{rel}","templated":true}]}}