{"id":1645,"date":"2010-02-22T10:08:35","date_gmt":"2010-02-22T18:08:35","guid":{"rendered":"http:\/\/bassic-sax.info\/version5\/?page_id=1645"},"modified":"2013-01-11T12:13:36","modified_gmt":"2013-01-11T19:13:36","slug":"rene-dumont","status":"publish","type":"page","link":"https:\/\/bassic-sax.info\/version5\/vintage-saxes\/european-made-saxes\/dorfler-jorka\/dj-stencil-galleries\/rene-dumont\/","title":{"rendered":"Ren\u00e9 Dumont"},"content":{"rendered":"<p><span style=\"font-size: 22px;\">Ren\u00e9 Dumont Alto<\/span><\/p>\n<p>Serial #: 14231<br \/>\nFinish: Lacquer with nickel plated keys<\/p>\nngg_shortcode_0_placeholder\n<p><span style=\"font-size: 10px;\">\u00a0 Source: eBay.com<\/span><\/p>\n<p><span style=\"font-size: 22px;\">Ren\u00e9 Dumont Alto<\/span><\/p>\n<p>Serial #: 14462<br \/>\nFinish: Lacquer with nickel plated keys<\/p>\nngg_shortcode_1_placeholder\n<p><span style=\"font-size: 10px;\">\u00a0 Source: Doctorsax.biz<\/span><\/p>\n<p><span style=\"font-size: 22px;\">Ren\u00e9 Dumont Alto<\/span><\/p>\n<p>Serial #: 15253<br \/>\nFinish: Lacquer with nickel plated keys<\/p>\nngg_shortcode_2_placeholder\n<p><span style=\"font-size: 10px;\">\u00a0 Source: PM Woodwind<\/span><\/p>\n<p><span style=\"font-size: 22px;\">Ren\u00e9 Dumont Alto<\/span><\/p>\n<p>Serial #: 16267<br \/>\nFinish: Lacquer with nickel plated keys<\/p>\n<p>Note that\u00a0a number\u00a0of the original ersatz pearls are missing, and have been replaced by clear coloured glass or plastic pieces.<\/p>\nngg_shortcode_3_placeholder\n<p><span style=\"font-size: 10px;\">\u00a0 Source: eBay.com<\/span><\/p>\n<p><span style=\"font-size: 22px;\">Ren\u00e9 Dumont Alto<\/span><\/p>\n<p>Serial #: ?<br \/>\nFinish: Lacquer with nickel plated keys<\/p>\nngg_shortcode_4_placeholder\n<p><span style=\"font-size: 10px;\">\u00a0 Source: Bo Meyer<\/span><\/p>\n<p><span style=\"font-size: 22px;\">Ren\u00e9 Dumont Tenor<\/span><\/p>\n<p>Serial #: 11473<br \/>\nFinish: Lacquer with nickel plated keys<\/p>\nngg_shortcode_5_placeholder\n<p><span style=\"font-size: 10px;\">\u00a0 Source: eBay.com<\/span><\/p>\n<p><span style=\"font-size: 22px;\">Ren\u00e9 Dumont Tenor<\/span><\/p>\n<p>Serial #: 16591<br \/>\nFinish: Lacquer with nickel plated keys<\/p>\nngg_shortcode_6_placeholder\n<p><span style=\"font-size: 10px;\">\u00a0 Source: eBay.com<\/span><\/p>\n<p><span style=\"font-size: 22px;\">Ren\u00e9 Dumont Tenor<\/span><\/p>\n<p>Serial #: 17620<br \/>\nFinish: Lacquer with nickel plated keys<\/p>\nngg_shortcode_7_placeholder\n<p><span style=\"font-size: 10px;\">\u00a0 Source: eBay.com<\/span><\/p>\n<p>Of all the D\u00f6rfler &amp; J\u00f6rka-stencilled saxophones, Ren\u00e9 Dumonts are certainly one of the most common. They appear for sale on eBay so often, that this stencil name alone tells us that D&amp;J horns are anything but rare.<\/p>\n<p>In October 2010 a father of young saxophone player bought a minty Ren\u00e9 Dumont alto, and proceeded to do some research. Through the course of his research he happened across not only my site, but also across <a href=\"http:\/\/bassic-sax.info\/blog\/wp-content\/uploads\/2010\/10\/Rene-Dumont-Ad-From-Nov.jpg\" target=\"_blank\">an interesting ad<\/a> from the Nov-Dec1963 edition of the <em>Music Educators Journal<\/em>.<\/p>\n<p>According to the <a href=\"http:\/\/www.bls.gov\/data\/inflation_calculator.htm\" target=\"_blank\">US Dept. of Labor Statistics&#8217; Inflation Calculator<\/a>, $265 in 1963, would be $1,993.74 in 2012.<\/p>\n<p>These D&amp;J saxophones were anything but the<em> toss &#8217;em in the closet and forget about &#8217;em<\/em> kind. They were quality horns, which can be found for very little money today, even when in very good to excellent condition.<\/p>\n<p>If you&#8217;d like to see more Ren\u00e9 Dumont saxophones, be sure to check out <a href=\"http:\/\/bassic-sax.info\/4images\/categories.php?cat_id=28\" target=\"_blank\">their gallery in Bassic Sax Pix<\/a>. If you&#8217;d like to see the article I wrote in October 2010, which contains the above-noted ad, <a href=\"http:\/\/bassic-sax.info\/blog\/?p=21714\" target=\"_blank\">you can find it on my blog<\/a>.<\/p>\n","protected":false},"excerpt":{"rendered":"<p>Ren\u00e9 Dumont Alto Serial #: 14231 Finish: Lacquer with nickel plated keys \u00a0 Source: eBay.com Ren\u00e9 Dumont Alto Serial #: 14462 Finish: Lacquer with nickel&hellip;<\/p>\n","protected":false},"author":3,"featured_media":0,"parent":1107,"menu_order":0,"comment_status":"closed","ping_status":"closed","template":"","meta":{"ngg_post_thumbnail":0,"footnotes":""},"class_list":["post-1645","page","type-page","status-publish","hentry"],"aioseo_notices":[],"jetpack_shortlink":"https:\/\/wp.me\/P30OPe-qx","jetpack_sharing_enabled":true,"_links":{"self":[{"href":"https:\/\/bassic-sax.info\/version5\/wp-json\/wp\/v2\/pages\/1645","targetHints":{"allow":["GET"]}}],"collection":[{"href":"https:\/\/bassic-sax.info\/version5\/wp-json\/wp\/v2\/pages"}],"about":[{"href":"https:\/\/bassic-sax.info\/version5\/wp-json\/wp\/v2\/types\/page"}],"author":[{"embeddable":true,"href":"https:\/\/bassic-sax.info\/version5\/wp-json\/wp\/v2\/users\/3"}],"replies":[{"embeddable":true,"href":"https:\/\/bassic-sax.info\/version5\/wp-json\/wp\/v2\/comments?post=1645"}],"version-history":[{"count":0,"href":"https:\/\/bassic-sax.info\/version5\/wp-json\/wp\/v2\/pages\/1645\/revisions"}],"up":[{"embeddable":true,"href":"https:\/\/bassic-sax.info\/version5\/wp-json\/wp\/v2\/pages\/1107"}],"wp:attachment":[{"href":"https:\/\/bassic-sax.info\/version5\/wp-json\/wp\/v2\/media?parent=1645"}],"curies":[{"name":"wp","href":"https:\/\/api.w.org\/{rel}","templated":true}]}}