{"id":1647,"date":"2010-02-22T10:09:51","date_gmt":"2010-02-22T18:09:51","guid":{"rendered":"http:\/\/bassic-sax.info\/version5\/?page_id=1647"},"modified":"2021-01-01T16:24:40","modified_gmt":"2021-01-01T18:24:40","slug":"roxy","status":"publish","type":"page","link":"https:\/\/bassic-sax.info\/version5\/vintage-saxes\/european-made-saxes\/dorfler-jorka\/dj-stencil-galleries\/roxy\/","title":{"rendered":"Roxy"},"content":{"rendered":"<p><span style=\"font-size: 22px;\">Roxy Alto<\/span><\/p>\n<p>Serial #: 11036<br \/>\nFinish: Lacquer with nickel plated keys<\/p>\nngg_shortcode_0_placeholder\n<p><span style=\"font-size: 10px;\">&nbsp;Source: eBay.com<\/span><\/p>\n<p><span style=\"font-size: 22px;\">Roxy Tenor<\/span><\/p>\n<p>Serial #: ?<br \/>\nFinish: Lacquer with nickel plated keys<\/p>\nngg_shortcode_1_placeholder\n<p><span style=\"font-size: 10px;\">&nbsp;Source: Bo Meyer<\/span><\/p>\n<p><span style=\"font-size: 22px;\">Roxy Tenor<\/span><\/p>\n<p>Serial #: 90XX<br \/>\nFinish: Lacquer with nickel plated keys<\/p>\nngg_shortcode_2_placeholder\n<p><span style=\"font-size: 10px;\">&nbsp;Source: eBay.com<\/span><\/p>\n<p><span style=\"font-size: 22px;\">Roxy Tenor<\/span><\/p>\n<p>Serial #: 10008<br \/>\nFinish: Lacquer with nickel plated keys<\/p>\nngg_shortcode_3_placeholder\n<p><span style=\"font-size: 10px;\">&nbsp;Source: eBay.com<\/span><\/p>\n<p>Like the Ren\u00e9 Dumont saxophones stencilled by D\u00f6rfler &amp; J\u00f6rka, Roxy saxes are one of the most common stencil names we see up for sale on eBay, Craigslist, and other online auction sites. Just the number of these horns for sale alone, tells us that D&amp;J horns are anything but rare.<\/p>\n<p>As far as geographical spread goes, to date I have seen all of the Roxy horns for sale on eBay.com, and other online North American sites. This leads me to believe that whoever the ordering company was, it was quite possibly located in the US. However, this is just a supposition on my part at this point. If I come up with a more definitive answer, I&#8217;ll update this. If someone knows for sure, please <a href=\"mailto:bassic.sax.info@gmail.com\" target=\"_blank\" rel=\"noopener\">drop me a note<\/a>.<\/p>\n<p>If you&#8217;d like to see more Roxy saxophones, be sure to check out their gallery in <a href=\"http:\/\/bassic-sax.info\/4images\/categories.php?cat_id=45\" target=\"_blank\" rel=\"noopener\">Bassic Sax Pix<\/a>.<\/p>\n","protected":false},"excerpt":{"rendered":"<p>Roxy Alto Serial #: 11036 Finish: Lacquer with nickel plated keys &nbsp;Source: eBay.com Roxy Tenor Serial #: ? Finish: Lacquer with nickel plated keys &nbsp;Source:&hellip;<\/p>\n","protected":false},"author":3,"featured_media":0,"parent":1107,"menu_order":0,"comment_status":"closed","ping_status":"closed","template":"","meta":{"ngg_post_thumbnail":0,"footnotes":""},"class_list":["post-1647","page","type-page","status-publish","hentry"],"aioseo_notices":[],"jetpack_shortlink":"https:\/\/wp.me\/P30OPe-qz","jetpack_sharing_enabled":true,"_links":{"self":[{"href":"https:\/\/bassic-sax.info\/version5\/wp-json\/wp\/v2\/pages\/1647","targetHints":{"allow":["GET"]}}],"collection":[{"href":"https:\/\/bassic-sax.info\/version5\/wp-json\/wp\/v2\/pages"}],"about":[{"href":"https:\/\/bassic-sax.info\/version5\/wp-json\/wp\/v2\/types\/page"}],"author":[{"embeddable":true,"href":"https:\/\/bassic-sax.info\/version5\/wp-json\/wp\/v2\/users\/3"}],"replies":[{"embeddable":true,"href":"https:\/\/bassic-sax.info\/version5\/wp-json\/wp\/v2\/comments?post=1647"}],"version-history":[{"count":0,"href":"https:\/\/bassic-sax.info\/version5\/wp-json\/wp\/v2\/pages\/1647\/revisions"}],"up":[{"embeddable":true,"href":"https:\/\/bassic-sax.info\/version5\/wp-json\/wp\/v2\/pages\/1107"}],"wp:attachment":[{"href":"https:\/\/bassic-sax.info\/version5\/wp-json\/wp\/v2\/media?parent=1647"}],"curies":[{"name":"wp","href":"https:\/\/api.w.org\/{rel}","templated":true}]}}