{"id":1651,"date":"2010-02-22T10:11:59","date_gmt":"2010-02-22T18:11:59","guid":{"rendered":"http:\/\/bassic-sax.info\/version5\/?page_id=1651"},"modified":"2021-01-01T16:23:28","modified_gmt":"2021-01-01T18:23:28","slug":"voss","status":"publish","type":"page","link":"https:\/\/bassic-sax.info\/version5\/vintage-saxes\/european-made-saxes\/dorfler-jorka\/dj-stencil-galleries\/voss\/","title":{"rendered":"Voss"},"content":{"rendered":"<p><span style=\"font-size: 22px;\">Voss Alto<\/span><\/p>\n<p>Serial #: 163XX<br \/>\nFinish: Lacquer with nickel plated keys<\/p>\nngg_shortcode_0_placeholder\n<p><span style=\"font-size: 10px;\">&nbsp;Source: Michael Bloch<\/span><\/p>\n<p><span style=\"font-size: 22px;\">Voss Tenor<\/span><\/p>\n<p>Serial #: 10XXX<br \/>\nFinish: Lacquer with nickel plated keys<\/p>\nngg_shortcode_1_placeholder\n<p><span style=\"font-size: 10px;\">&nbsp;Source: eBay.com<\/span><\/p>\n<p><span style=\"font-size: 22px;\">Voss Tenor<\/span><\/p>\n<p>Serial #: 11902<br \/>\nFinish: Lacquer with nickel plated keys<\/p>\nngg_shortcode_2_placeholder\n<p><span style=\"font-size: 10px;\">&nbsp;Source: eBay.com<\/span><\/p>\n<p><span style=\"font-size: 22px;\">Voss Tenor<\/span><\/p>\n<p>Serial #: ?<br \/>\nFinish: Lacquer with nickel plated keys<\/p>\nngg_shortcode_3_placeholder\n<p><span style=\"font-size: 10px;\">&nbsp;Source: eBay.com<\/span><\/p>\n<p><span style=\"font-size: 22px;\">Voss Tenor<\/span><\/p>\n<p>Serial #: ?<br \/>\nFinish: Lacquer with nickel plated keys<\/p>\nngg_shortcode_4_placeholder\n<p><span style=\"font-size: 10px;\">&nbsp;Source: eBay.com<\/span><\/p>\n<p>Like the Ren\u00e9 Dumont, Roxy, and Senator saxophones stencilled by D\u00f6rfler &amp; J\u00f6rka, Voss saxes are one of the more common stencil names we see up for sale on eBay, Craigslist, and other online auction sites. Just the number of these horns for sale alone, tells us that D&amp;J horns are anything but rare.<\/p>\n<p>However, unlike the Ren\u00e9 Dumont and Roxy stencilled horns that are primarily seen here in North America, and the Senators that we see more commonly in Europe, Voss saxophones show up on both both sides of the pond. As a matter of fact, much like the&nbsp; Ren\u00e9 Dumont and Roxy, examples of Voss horns appear so frequently, that I have stopped collecting examples of them for <a href=\"http:\/\/bassic-sax.info\/4images\/categories.php?cat_id=48\" target=\"_blank\" rel=\"noopener\">their gallery in Bassic Sax Pix<\/a>.<\/p>\n<p>Here&#8217;s a fun fact about Voss: more <a href=\"http:\/\/bassic-sax.info\/4images\/categories.php?cat_id=321\" target=\"_blank\" rel=\"noopener\">Orsi-made Voss stencils<\/a> appear in Germany than they do in North America. Why is that I wonder? We know that D&amp;J stopped making saxophones in 1965. The Orsi horns appear newer than that. I wonder if Voss concentrated on exports to the North American market when they had their horns made by D&amp;J?<\/p>\n<p>I&#8217;d like to find out more about the Voss company. I&#8217;ve only read bits here and there, and I&#8217;m not sure how much of what I&#8217;ve read, if anything, is true. If you know anything definitive about the Voss company, <a href=\"mailto:bassic.sax.info@gmail.com\" target=\"_blank\" rel=\"noopener\">please get in touch with me<\/a>. Thanks!<\/p>\n","protected":false},"excerpt":{"rendered":"<p>Voss Alto Serial #: 163XX Finish: Lacquer with nickel plated keys &nbsp;Source: Michael Bloch Voss Tenor Serial #: 10XXX Finish: Lacquer with nickel plated keys&hellip;<\/p>\n","protected":false},"author":3,"featured_media":0,"parent":1107,"menu_order":0,"comment_status":"closed","ping_status":"closed","template":"","meta":{"ngg_post_thumbnail":0,"footnotes":""},"class_list":["post-1651","page","type-page","status-publish","hentry"],"aioseo_notices":[],"jetpack_shortlink":"https:\/\/wp.me\/P30OPe-qD","jetpack_sharing_enabled":true,"_links":{"self":[{"href":"https:\/\/bassic-sax.info\/version5\/wp-json\/wp\/v2\/pages\/1651","targetHints":{"allow":["GET"]}}],"collection":[{"href":"https:\/\/bassic-sax.info\/version5\/wp-json\/wp\/v2\/pages"}],"about":[{"href":"https:\/\/bassic-sax.info\/version5\/wp-json\/wp\/v2\/types\/page"}],"author":[{"embeddable":true,"href":"https:\/\/bassic-sax.info\/version5\/wp-json\/wp\/v2\/users\/3"}],"replies":[{"embeddable":true,"href":"https:\/\/bassic-sax.info\/version5\/wp-json\/wp\/v2\/comments?post=1651"}],"version-history":[{"count":0,"href":"https:\/\/bassic-sax.info\/version5\/wp-json\/wp\/v2\/pages\/1651\/revisions"}],"up":[{"embeddable":true,"href":"https:\/\/bassic-sax.info\/version5\/wp-json\/wp\/v2\/pages\/1107"}],"wp:attachment":[{"href":"https:\/\/bassic-sax.info\/version5\/wp-json\/wp\/v2\/media?parent=1651"}],"curies":[{"name":"wp","href":"https:\/\/api.w.org\/{rel}","templated":true}]}}