{"id":3339,"date":"2010-09-18T08:59:28","date_gmt":"2010-09-18T15:59:28","guid":{"rendered":"http:\/\/bassic-sax.info\/version5\/?page_id=3339"},"modified":"2021-01-02T15:57:50","modified_gmt":"2021-01-02T17:57:50","slug":"f-x-huller","status":"publish","type":"page","link":"https:\/\/bassic-sax.info\/version5\/vintage-saxes\/european-made-saxes\/f-x-huller\/","title":{"rendered":"F.X. H\u00fcller"},"content":{"rendered":"<p><a href=\"https:\/\/i0.wp.com\/bassic-sax.info\/version5\/wp-content\/uploads\/2010\/09\/In-Case.jpg\"><img data-recalc-dims=\"1\" loading=\"lazy\" decoding=\"async\" data-attachment-id=\"3346\" data-permalink=\"https:\/\/bassic-sax.info\/version5\/vintage-saxes\/european-made-saxes\/f-x-huller\/in-case-2\/\" data-orig-file=\"https:\/\/i0.wp.com\/bassic-sax.info\/version5\/wp-content\/uploads\/2010\/09\/In-Case.jpg?fit=640%2C480&amp;ssl=1\" data-orig-size=\"640,480\" data-comments-opened=\"0\" data-image-meta=\"{&quot;aperture&quot;:&quot;0&quot;,&quot;credit&quot;:&quot;&quot;,&quot;camera&quot;:&quot;&quot;,&quot;caption&quot;:&quot;&quot;,&quot;created_timestamp&quot;:&quot;0&quot;,&quot;copyright&quot;:&quot;&quot;,&quot;focal_length&quot;:&quot;0&quot;,&quot;iso&quot;:&quot;0&quot;,&quot;shutter_speed&quot;:&quot;0&quot;,&quot;title&quot;:&quot;&quot;}\" data-image-title=\"In Case\" data-image-description=\"\" data-image-caption=\"\" data-medium-file=\"https:\/\/i0.wp.com\/bassic-sax.info\/version5\/wp-content\/uploads\/2010\/09\/In-Case.jpg?fit=300%2C225&amp;ssl=1\" data-large-file=\"https:\/\/i0.wp.com\/bassic-sax.info\/version5\/wp-content\/uploads\/2010\/09\/In-Case.jpg?fit=640%2C480&amp;ssl=1\" class=\"alignnone wp-image-3346\" title=\"In Case\" src=\"https:\/\/i0.wp.com\/bassic-sax.info\/version5\/wp-content\/uploads\/2010\/09\/In-Case.jpg?resize=640%2C480\" alt=\"alto saxophone, sax case, gold plate, blue case, F.X. H\u00fcller \" width=\"640\" height=\"480\" srcset=\"https:\/\/i0.wp.com\/bassic-sax.info\/version5\/wp-content\/uploads\/2010\/09\/In-Case.jpg?w=640&amp;ssl=1 640w, https:\/\/i0.wp.com\/bassic-sax.info\/version5\/wp-content\/uploads\/2010\/09\/In-Case.jpg?resize=300%2C225&amp;ssl=1 300w\" sizes=\"auto, (max-width: 640px) 100vw, 640px\" \/><\/a><\/p>\n<p><span style=\"font-size: 10px;\">Source: eBay.com<\/span><\/p>\n<p>The F. X. H\u00fcller company was started by Franz Xaver H\u00fcller in Graslitz. There, in the early 1920s, H\u00fcller began building saxophones under the guidance of Max Keilwerth. Max was of course the brother of Julius, and would later go to work for Hohner in Germany where he developed the <a href=\"http:\/\/bassic-sax.info\/version5\/vintage-saxes\/european-made-saxes\/hohner-president\">Hohner President saxophones<\/a>. However, early on in his career, Max was instrumental in the development of F.X. H\u00fcller&#8217;s saxophone department.<\/p>\n<p>F.X. H\u00fcller built saxophones for nearly 25 years\u2014until the company was integrated into the Amati collective. During that 25 year period, F.X. H\u00fcller made 4 models of saxophones. They were the base model <em>Champion<\/em>; the intermediate level <em>World<\/em> model; the professional model <em>World Super<\/em>; and the top of the line model, the <em>World De Luxe<\/em>.<\/p>\n<p>Franz H\u00fcller died in 1936, and after that the company was run by his daughters, Susanna Riedl and Philipine Modl. After the war Philipine&#8217;s husband built a factory for brass instruments. This new factory was located in Neustadt\/Aisch, Germany. Everything that remained in Graslitz after WWII was absorbed into the collective that became known as Amati.<\/p>\n<p>F.X. H\u00fcller saxophones are somewhat uncommon, and do not appear for sale very often. This rather stunning example of their top of the line World De Luxe model, popped up on eBay in September 2010.<\/p>\nngg_shortcode_0_placeholder\n<p><span style=\"font-size: 10px;\">&nbsp;Source: eBay.com<\/span><\/p>\n<p>To see more examples of F.X. H\u00fcller saxophone images that I have collected, check out the <a href=\"https:\/\/bassic-sax.info\/pix\/index.php?\/category\/942\" target=\"_blank\" rel=\"noopener\">F.X. H\u00fcller gallery in my Bassic Sax Pix<\/a> site.<\/p>\n<p>______________________________________________________________________________<\/p>\n<p><strong>Note: The main source of information for this page is from Uwe Ladwig, in der deutschen Fachzeitschrift\u2014German music journal\u2014SONIC sax &amp; brass.<\/strong><\/p>\n<p>I would like to thank Uwe for so generously allowing me to use his research, and very much appreciate the trust he has shown by allowing me to do my own translation.<\/p>\n","protected":false},"excerpt":{"rendered":"<p>Source: eBay.com The F. X. H\u00fcller company was started by Franz Xaver H\u00fcller in Graslitz. There, in the early 1920s, H\u00fcller began building saxophones under&hellip;<\/p>\n","protected":false},"author":3,"featured_media":0,"parent":96,"menu_order":0,"comment_status":"closed","ping_status":"closed","template":"","meta":{"ngg_post_thumbnail":0,"footnotes":""},"class_list":["post-3339","page","type-page","status-publish","hentry"],"aioseo_notices":[],"jetpack_shortlink":"https:\/\/wp.me\/P30OPe-RR","jetpack_sharing_enabled":true,"_links":{"self":[{"href":"https:\/\/bassic-sax.info\/version5\/wp-json\/wp\/v2\/pages\/3339","targetHints":{"allow":["GET"]}}],"collection":[{"href":"https:\/\/bassic-sax.info\/version5\/wp-json\/wp\/v2\/pages"}],"about":[{"href":"https:\/\/bassic-sax.info\/version5\/wp-json\/wp\/v2\/types\/page"}],"author":[{"embeddable":true,"href":"https:\/\/bassic-sax.info\/version5\/wp-json\/wp\/v2\/users\/3"}],"replies":[{"embeddable":true,"href":"https:\/\/bassic-sax.info\/version5\/wp-json\/wp\/v2\/comments?post=3339"}],"version-history":[{"count":0,"href":"https:\/\/bassic-sax.info\/version5\/wp-json\/wp\/v2\/pages\/3339\/revisions"}],"up":[{"embeddable":true,"href":"https:\/\/bassic-sax.info\/version5\/wp-json\/wp\/v2\/pages\/96"}],"wp:attachment":[{"href":"https:\/\/bassic-sax.info\/version5\/wp-json\/wp\/v2\/media?parent=3339"}],"curies":[{"name":"wp","href":"https:\/\/api.w.org\/{rel}","templated":true}]}}