{"id":6694,"date":"2013-07-02T14:47:29","date_gmt":"2013-07-02T21:47:29","guid":{"rendered":"http:\/\/bassic-sax.info\/version5\/?page_id=6694"},"modified":"2021-01-03T10:22:03","modified_gmt":"2021-01-03T12:22:03","slug":"maurice-boiste","status":"publish","type":"page","link":"https:\/\/bassic-sax.info\/version5\/vintage-saxes\/european-made-saxes\/maurice-boiste\/","title":{"rendered":"Maurice Boiste"},"content":{"rendered":"<h2>Looking for pics? Check out the <a href=\"https:\/\/bassic-sax.info\/pix\/index.php?\/category\/2360\" target=\"_blank\" rel=\"noopener\">Maurice Boiste Gallery on Bassic Sax Pix.<\/a><\/h2>\n<p>Maurice Boiste was a French saxophone maker in the early part of the 20th century. His rather obscure horns are somewhat of an enigma, and misinformation about the brand is easy to come by.<\/p>\n<figure id=\"attachment_6732\" aria-describedby=\"caption-attachment-6732\" style=\"width: 1500px\" class=\"wp-caption alignnone\"><a href=\"https:\/\/i0.wp.com\/bassic-sax.info\/version5\/wp-content\/uploads\/2013\/07\/Left-Side-Lower-Portion.jpg\"><img data-recalc-dims=\"1\" loading=\"lazy\" decoding=\"async\" data-attachment-id=\"6732\" data-permalink=\"https:\/\/bassic-sax.info\/version5\/vintage-saxes\/european-made-saxes\/maurice-boiste\/left-side-lower-portion\/\" data-orig-file=\"https:\/\/i0.wp.com\/bassic-sax.info\/version5\/wp-content\/uploads\/2013\/07\/Left-Side-Lower-Portion.jpg?fit=1500%2C1125&amp;ssl=1\" data-orig-size=\"1500,1125\" data-comments-opened=\"0\" data-image-meta=\"{&quot;aperture&quot;:&quot;0&quot;,&quot;credit&quot;:&quot;&quot;,&quot;camera&quot;:&quot;&quot;,&quot;caption&quot;:&quot;&quot;,&quot;created_timestamp&quot;:&quot;0&quot;,&quot;copyright&quot;:&quot;&quot;,&quot;focal_length&quot;:&quot;0&quot;,&quot;iso&quot;:&quot;0&quot;,&quot;shutter_speed&quot;:&quot;0&quot;,&quot;title&quot;:&quot;&quot;}\" data-image-title=\"Left Side Lower Portion\" data-image-description=\"\" data-image-caption=\"\" data-large-file=\"https:\/\/i0.wp.com\/bassic-sax.info\/version5\/wp-content\/uploads\/2013\/07\/Left-Side-Lower-Portion.jpg?fit=1024%2C768&amp;ssl=1\" class=\" wp-image-6732 \" title=\"Left Side Lower Portion\" src=\"https:\/\/i0.wp.com\/bassic-sax.info\/version5\/wp-content\/uploads\/2013\/07\/Left-Side-Lower-Portion.jpg?resize=1429%2C1072\" alt=\"alto sax, Maurice Boiste, vintage French saxophone, fancy clothes guard,\" width=\"1429\" height=\"1072\" srcset=\"https:\/\/i0.wp.com\/bassic-sax.info\/version5\/wp-content\/uploads\/2013\/07\/Left-Side-Lower-Portion.jpg?w=1500&amp;ssl=1 1500w, https:\/\/i0.wp.com\/bassic-sax.info\/version5\/wp-content\/uploads\/2013\/07\/Left-Side-Lower-Portion.jpg?resize=300%2C225&amp;ssl=1 300w, https:\/\/i0.wp.com\/bassic-sax.info\/version5\/wp-content\/uploads\/2013\/07\/Left-Side-Lower-Portion.jpg?resize=1024%2C768&amp;ssl=1 1024w, https:\/\/i0.wp.com\/bassic-sax.info\/version5\/wp-content\/uploads\/2013\/07\/Left-Side-Lower-Portion.jpg?resize=400%2C300&amp;ssl=1 400w\" sizes=\"auto, (max-width: 1429px) 100vw, 1429px\" \/><\/a><figcaption id=\"caption-attachment-6732\" class=\"wp-caption-text\">Maurice Boise-stencilled Paul Beuscher alto, serial # 7125 Source: Orivaldo Hosti<\/figcaption><\/figure>\n<figure id=\"attachment_6758\" aria-describedby=\"caption-attachment-6758\" style=\"width: 1600px\" class=\"wp-caption alignnone\"><a href=\"https:\/\/i0.wp.com\/bassic-sax.info\/version5\/wp-content\/uploads\/2013\/07\/Right-Side.jpg\"><img data-recalc-dims=\"1\" loading=\"lazy\" decoding=\"async\" data-attachment-id=\"6758\" data-permalink=\"https:\/\/bassic-sax.info\/version5\/vintage-saxes\/european-made-saxes\/maurice-boiste\/right-side-51\/\" data-orig-file=\"https:\/\/i0.wp.com\/bassic-sax.info\/version5\/wp-content\/uploads\/2013\/07\/Right-Side.jpg?fit=1600%2C1133&amp;ssl=1\" data-orig-size=\"1600,1133\" data-comments-opened=\"0\" data-image-meta=\"{&quot;aperture&quot;:&quot;0&quot;,&quot;credit&quot;:&quot;&quot;,&quot;camera&quot;:&quot;&quot;,&quot;caption&quot;:&quot;&quot;,&quot;created_timestamp&quot;:&quot;0&quot;,&quot;copyright&quot;:&quot;&quot;,&quot;focal_length&quot;:&quot;0&quot;,&quot;iso&quot;:&quot;0&quot;,&quot;shutter_speed&quot;:&quot;0&quot;,&quot;title&quot;:&quot;&quot;}\" data-image-title=\"Right Side\" data-image-description=\"\" data-image-caption=\"\" data-large-file=\"https:\/\/i0.wp.com\/bassic-sax.info\/version5\/wp-content\/uploads\/2013\/07\/Right-Side.jpg?fit=1024%2C725&amp;ssl=1\" class=\" wp-image-6758 \" title=\"Right Side\" src=\"https:\/\/i0.wp.com\/bassic-sax.info\/version5\/wp-content\/uploads\/2013\/07\/Right-Side.jpg?resize=1429%2C1012\" alt=\"alto sax, Maurice Boiste, vintage French saxophone, \" width=\"1429\" height=\"1012\" srcset=\"https:\/\/i0.wp.com\/bassic-sax.info\/version5\/wp-content\/uploads\/2013\/07\/Right-Side.jpg?w=1600&amp;ssl=1 1600w, https:\/\/i0.wp.com\/bassic-sax.info\/version5\/wp-content\/uploads\/2013\/07\/Right-Side.jpg?resize=300%2C212&amp;ssl=1 300w, https:\/\/i0.wp.com\/bassic-sax.info\/version5\/wp-content\/uploads\/2013\/07\/Right-Side.jpg?resize=1024%2C725&amp;ssl=1 1024w, https:\/\/i0.wp.com\/bassic-sax.info\/version5\/wp-content\/uploads\/2013\/07\/Right-Side.jpg?resize=423%2C300&amp;ssl=1 423w\" sizes=\"auto, (max-width: 1429px) 100vw, 1429px\" \/><\/a><figcaption id=\"caption-attachment-6758\" class=\"wp-caption-text\">Maurice Boise alto, serial # 9267 Source: saxamillion on eBay.com<\/figcaption><\/figure>\n<p><span style=\"font-size: 22px;\">What they are, and what they are not.<\/span><\/p>\n<p>Unfortunately, Maurice Boiste horns were mistakenly identified as Pierret Super 8 stencil saxophones on <a href=\"http:\/\/www.saxpics.com\/the_gallery\/pierret\/super8\/\" target=\"_blank\" rel=\"noopener\">Saxpics<\/a>. Because that page is still up&#8211;USA Horn bought the site a few years ago and has not updated it&#8211;this misinformation is still being perpetuated over the &#8216;Net, and English sites are often filled with references to these horns being Pierret stencils, citing Saxpics as the source of the horns&#8217; pedigree.<\/p>\n<p>So let&#8217;s clear this up for the record: <span style=\"text-decoration: underline;\"><strong>Maurice Boiste saxophones were NOT Pierret stencil horns<\/strong><\/span>. They were built by Maurice Boiste in his shop near or in Paris, France.<\/p>\n<p>How do I know that I am right, and that the information on Saxpics is incorrect? Well for one thing, we have the benefit of more research available to us than Pete Hales had when he first looked at the horns.<\/p>\n<p>While there is scant info available on English sites, there is a little more (and I do mean little) available on European sites. However, while the info on the European sites might also be limited in quantity, it is quite compelling.<\/p>\n<p>There are two websites that really help us understand more about the origins of these Maurice Boiste saxophones. The first is the French saxophone forum <a href=\"http:\/\/www.le-saxophone.fr\/\" target=\"_blank\" rel=\"noopener\">Le Saxophone<\/a>. In a thread where a fellow was asking about his Maurice Boiste horn, a woman by the name of Fr\u00e9d\u00e9rique chimed in with <a href=\"http:\/\/www.le-saxophone.fr\/materiel-f70\/boiste-maurice-t366.html\" target=\"_blank\" rel=\"noopener\">the following response<\/a>:<\/p>\n<blockquote><p>Bonsoir,<\/p>\n<p>Je d\u00e9couvre par hasard votre message&#8230;.je suis la petite ni\u00e8ce de Maurice BOISTE&#8230;&#8230;&#8230;qui a commenc\u00e9 apprenti chez DOLNET&#8230;&#8230;.pour devenir l&#8217;associ\u00e9 du patron SIBOIS &#8211; Ils se sont s\u00e9par\u00e9s&#8230;&#8230;..M.SIBOIS a conserv\u00e9 les bois et M. BOISTE a gard\u00e9 les cuivres sous le nom de &#8220;Manufacture d&#8217;instruments de musique avec une sp\u00e9cialit\u00e9 pour les saxophones&#8221;&#8230;&#8230;&#8230;Excellente marque \u00e0 l&#8217;\u00e9poque ! Mon grand oncle avait des doigts en or &#8220;dixit mon p\u00e8re&#8221; puisqu&#8217;il a fait fortune lorsque le jazz &#8220;a explos\u00e9&#8221;&#8230;&#8230;&#8230;il a m\u00eame fabriqu\u00e9 un saxophone en argent massif recouvert d&#8217;or&#8230;&#8230;..Si vous souhaitez plus d&#8217;informations, je vous communique le num\u00e9ro de tel de mon p\u00e8re (avec son accord) qui a les m\u00eames initiales&#8230;&#8230;.Michel BOISTE xx-xx-xx-xx-xx (ag\u00e9 de 78 ans) et qui s&#8217;est r\u00e9gal\u00e9 de me donner les informations que je viens de vous communiquer &#8211; Mais peut \u00eatre avez vous d\u00e9j\u00e0 fait l&#8217;acquisition de ce saxo !<\/p>\n<p>Cordialement &#8211; Fr\u00e9d\u00e9rique<\/p><\/blockquote>\n<p>For the following translation of Fr\u00e9d\u00e9rique&#8217;s response, I&#8217;m relying on both Google, as well as a translation of the text that I found on <a href=\"http:\/\/smatjes.de\/index.php\/home-topmenu-17\/wer-kennt---\/82826-kennt-jemand-diesen-hersteller-qboiste-mauriceq-.html?lang=de#83607\" target=\"_blank\" rel=\"noopener\">a German saxophone forum<\/a>. The fellow who translated it said his French was a bit rusty. (Any clarifications for the above would be appreciated. Just <a href=\"mailto:bassic.sax.info@gmail.com\" target=\"_blank\" rel=\"noopener\">drop me a note<\/a> with your suggestions.)<\/p>\n<blockquote>\n<p lang=\"en-US\">Hello,<\/p>\n<p>I chanced upon your message &#8230;. I am the grand niece of Maurice Boiste &#8230;&#8230;&#8230; Who began his apprentice with Dolnet &#8230;&#8230;. to become the partner of boss Sibois &#8211; they separated &#8230;&#8230;.. M.SIBOIS kept the wooden instrument division, and Mr. Boiste kept the brass instruments under the name of &#8220;Manufacture d&#8217;instruments de musique avec une sp\u00e9cialit\u00e9 pour les saxophones&#8221; (Manufacture of musical instruments with a specialty for saxophones) &#8230;&#8230; Excellent brand&nbsp; at the time! My great uncle had a golden touch &#8220;so said my father&#8221; because he made a fortune when&nbsp; jazz &#8220;exploded&#8221; &#8230;&#8230;&#8230; he even made a sterling silver saxophone coated with gold .. &#8230;&#8230;<\/p>\n<p lang=\"en-US\">Sincerely &#8211; Fr\u00e9d\u00e9rique<\/p>\n<\/blockquote>\n<p lang=\"en-US\">In addition to Fr\u00e9d\u00e9rique&#8217;s post on Le Saxophone, I found <a href=\"http:\/\/luthiervents.blogspot.ca\/2012\/01\/maurice-rene-et-louis-boiste-voici-une.html\" target=\"_blank\" rel=\"noopener\">this interesting blog post<\/a> on Luthier Vents. (Another site written in French.) Most of the post deals with the history of the Boiste family, and concludes with a few photos of Maurice Boiste saxophones. From the pics in the article it is apparent that not all of his horns had the fancy clothes guard we associate with Maurice Boiste saxophones. This is illustrated by the following&nbsp;S\u00e9rie Artiste alto&#8230;.<\/p>\n<figure id=\"attachment_6737\" aria-describedby=\"caption-attachment-6737\" style=\"width: 640px\" class=\"wp-caption alignnone\"><a href=\"https:\/\/i0.wp.com\/bassic-sax.info\/version5\/wp-content\/uploads\/2013\/07\/Left-Side-Lower-Portion1.jpg\"><img data-recalc-dims=\"1\" loading=\"lazy\" decoding=\"async\" data-attachment-id=\"6737\" data-permalink=\"https:\/\/bassic-sax.info\/version5\/vintage-saxes\/european-made-saxes\/maurice-boiste\/left-side-lower-portion-2\/\" data-orig-file=\"https:\/\/i0.wp.com\/bassic-sax.info\/version5\/wp-content\/uploads\/2013\/07\/Left-Side-Lower-Portion1.jpg?fit=640%2C480&amp;ssl=1\" data-orig-size=\"640,480\" data-comments-opened=\"0\" data-image-meta=\"{&quot;aperture&quot;:&quot;0&quot;,&quot;credit&quot;:&quot;&quot;,&quot;camera&quot;:&quot;&quot;,&quot;caption&quot;:&quot;&quot;,&quot;created_timestamp&quot;:&quot;0&quot;,&quot;copyright&quot;:&quot;&quot;,&quot;focal_length&quot;:&quot;0&quot;,&quot;iso&quot;:&quot;0&quot;,&quot;shutter_speed&quot;:&quot;0&quot;,&quot;title&quot;:&quot;&quot;}\" data-image-title=\"Left Side Lower Portion\" data-image-description=\"\" data-image-caption=\"\" data-large-file=\"https:\/\/i0.wp.com\/bassic-sax.info\/version5\/wp-content\/uploads\/2013\/07\/Left-Side-Lower-Portion1.jpg?fit=640%2C480&amp;ssl=1\" class=\" wp-image-6737 \" title=\"Left Side Lower Portion\" src=\"https:\/\/i0.wp.com\/bassic-sax.info\/version5\/wp-content\/uploads\/2013\/07\/Left-Side-Lower-Portion1.jpg?resize=640%2C480\" alt=\"alto sax, Maurice Boiste, vintage French saxophone, bell keys\" width=\"640\" height=\"480\" srcset=\"https:\/\/i0.wp.com\/bassic-sax.info\/version5\/wp-content\/uploads\/2013\/07\/Left-Side-Lower-Portion1.jpg?w=640&amp;ssl=1 640w, https:\/\/i0.wp.com\/bassic-sax.info\/version5\/wp-content\/uploads\/2013\/07\/Left-Side-Lower-Portion1.jpg?resize=300%2C225&amp;ssl=1 300w, https:\/\/i0.wp.com\/bassic-sax.info\/version5\/wp-content\/uploads\/2013\/07\/Left-Side-Lower-Portion1.jpg?resize=400%2C300&amp;ssl=1 400w\" sizes=\"auto, (max-width: 640px) 100vw, 640px\" \/><\/a><figcaption id=\"caption-attachment-6737\" class=\"wp-caption-text\">Maurice Boiste S\u00e9rie Artiste alto, serial # ?&nbsp; Source: fabrice.brocante on eBay.com<\/figcaption><\/figure>\n<p lang=\"en-US\">&#8230; as well as this Boiste-stencilled <a href=\"http:\/\/www.saxpics.com\/the_gallery\/pierret\/super8\/tenor\/silver\/deslaurier\/9.jpg\" target=\"_blank\" rel=\"noopener\">P. Deslaurier tenor<\/a> on <a href=\"http:\/\/www.saxpics.com\/the_gallery\/pierret\/super8\/tenor\/silver\/deslaurier\/\" target=\"_blank\" rel=\"noopener\">Saxpics<\/a> (which was mistakenly ID&#8217;d as a Pierret Super 8.)<\/p>\n<p lang=\"en-US\"><span style=\"font-size: 22px;\">What a <span style=\"text-decoration: underline;\">real<\/span> Super 8 looks like.<\/span><\/p>\n<p lang=\"en-US\">Speaking of Pierret Super 8 saxophones, we should put this rumour to bed once and for all. In March 2011, on the French blog Luthier Vents, the author posted a very interesting article about <a href=\"http:\/\/luthiervents.blogspot.ca\/search\/label\/Pierret.El%C3%A9ments%20d%27archives.Remise%20en%20%C3%A9t%C3%A2t\" target=\"_blank\" rel=\"noopener\">Pierret saxophones<\/a>. Included in this article is a <a href=\"http:\/\/2.bp.blogspot.com\/-_scVNoFs2qo\/TpF-TahTjAI\/AAAAAAAAAb0\/uBrQZM_HDik\/s1600\/Pierret+Saxophone+Super+8+1838+2+RP%255B1%255D.jpg\" target=\"_blank\" rel=\"noopener\">1938 brochure on the Super 8<\/a>. You can clearly see that the Maurice Boiste saxophone, and the Super 8, are not the same horn.<\/p>\n<p lang=\"en-US\">The Pierret clearly has the left pinkie cluster that we are familiar with from other Pierret models such as the <a href=\"http:\/\/bassic-sax.info\/version5\/wp-content\/gallery\/pierret-artiste-tenor-belonging-to-bo-meyers\/front.jpg\" target=\"_blank\" rel=\"noopener\">Artiste<\/a>,&nbsp; <a href=\"http:\/\/bassic-sax.info\/version5\/wp-content\/gallery\/pierret-modele-42-alto-from-ebay-april-2010\/left-pinkie-cluster.jpg\" target=\"_blank\" rel=\"noopener\">Modele 42<\/a>, and the <a href=\"http:\/\/bassic-sax.info\/blog\/wp-content\/uploads\/2012\/07\/Left-Pinkie-Table.jpg\" target=\"_blank\" rel=\"noopener\">Super Artiste<\/a>. The Maurice Boiste does not have the same shape of left pinkie cluster.<\/p>\n<p lang=\"en-US\">Note that the bell keys of the Pierret are on the right side of the horn, while the Boiste&#8217;s may be on the left or on the right\u2014plus it often has that funky clothes guard that the Pierret does not have. The Pierret also has a different key configuration than the Boiste with regards to the trill and extra keys.<\/p>\n<p lang=\"en-US\"><span style=\"font-size: 22px;\">A visual sampling of Maurice Boiste bell keys<\/span><\/p>\n<p lang=\"en-US\">ngg_shortcode_0_placeholder<\/p>\n<p lang=\"en-US\"><span style=\"font-size: 22px;\">What about that funky clothes guard thingy?<\/span><\/p>\n<p lang=\"en-US\">While we&#8217;re on the subject of funky guards&#8230; Kim Slava, AKA Doctor Sax, has a <a href=\"http:\/\/doctorsax.biz\/pierret_modele_7.htm\" target=\"_blank\" rel=\"noopener\">Pierret Modele 7<\/a> on his website that is a bit odd. It has a funky key guard for the left-sided bell keys that bears a slight resemblance to the clothes guard of the Maurice Boiste. This could add some confusion to the Boiste-stencilled-by-Pierret debate.<\/p>\n<figure id=\"attachment_6700\" aria-describedby=\"caption-attachment-6700\" style=\"width: 535px\" class=\"wp-caption alignnone\"><a href=\"https:\/\/i0.wp.com\/bassic-sax.info\/version5\/wp-content\/uploads\/2013\/06\/Pierret-Modele-7-from-doctor-sax.jpg\"><img data-recalc-dims=\"1\" loading=\"lazy\" decoding=\"async\" data-attachment-id=\"6700\" data-permalink=\"https:\/\/bassic-sax.info\/version5\/vintage-saxes\/european-made-saxes\/maurice-boiste\/pierret-modele-7-from-doctor-sax\/\" data-orig-file=\"https:\/\/i0.wp.com\/bassic-sax.info\/version5\/wp-content\/uploads\/2013\/06\/Pierret-Modele-7-from-doctor-sax.jpg?fit=535%2C800&amp;ssl=1\" data-orig-size=\"535,800\" data-comments-opened=\"0\" data-image-meta=\"{&quot;aperture&quot;:&quot;0&quot;,&quot;credit&quot;:&quot;&quot;,&quot;camera&quot;:&quot;&quot;,&quot;caption&quot;:&quot;&quot;,&quot;created_timestamp&quot;:&quot;0&quot;,&quot;copyright&quot;:&quot;&quot;,&quot;focal_length&quot;:&quot;0&quot;,&quot;iso&quot;:&quot;0&quot;,&quot;shutter_speed&quot;:&quot;0&quot;,&quot;title&quot;:&quot;&quot;}\" data-image-title=\"Pierret Modele 7 from doctor sax\" data-image-description=\"\" data-image-caption=\"\" data-large-file=\"https:\/\/i0.wp.com\/bassic-sax.info\/version5\/wp-content\/uploads\/2013\/06\/Pierret-Modele-7-from-doctor-sax.jpg?fit=535%2C800&amp;ssl=1\" class=\" wp-image-6700 \" title=\"Pierret Modele 7 from doctor sax\" src=\"https:\/\/i0.wp.com\/bassic-sax.info\/version5\/wp-content\/uploads\/2013\/06\/Pierret-Modele-7-from-doctor-sax.jpg?resize=535%2C800\" alt=\"\" width=\"535\" height=\"800\" srcset=\"https:\/\/i0.wp.com\/bassic-sax.info\/version5\/wp-content\/uploads\/2013\/06\/Pierret-Modele-7-from-doctor-sax.jpg?w=535&amp;ssl=1 535w, https:\/\/i0.wp.com\/bassic-sax.info\/version5\/wp-content\/uploads\/2013\/06\/Pierret-Modele-7-from-doctor-sax.jpg?resize=200%2C300&amp;ssl=1 200w\" sizes=\"auto, (max-width: 535px) 100vw, 535px\" \/><\/a><figcaption id=\"caption-attachment-6700\" class=\"wp-caption-text\">Pierret Modele 7 Serial No. 83000 Source: doctorsax.biz<\/figcaption><\/figure>\n<p><a href=\"http:\/\/www.saxpics.com\/the_gallery\/Pierret\/model7\/alto\/silver\/\" target=\"_blank\" rel=\"noopener\">Saxpics<\/a> does, however, have a Modele 7 with <a href=\"http:\/\/www.saxpics.com\/the_gallery\/Pierret\/model7\/alto\/silver\/7718\/sax1.jpg\" target=\"_blank\" rel=\"noopener\">conventional cage wire key guards<\/a> for the left-sided bell keys on the only Modele 7 in its Pierret Gallery. This leads me to wonder if the funky guard on alto shown doctorsax.biz wasn&#8217;t either a one-of, or added by someone after market. Whichever the case, this one example of a strange Modele 7 doesn&#8217;t change the fact that Maurice Boiste saxophones were NOT Pierret stencils. (Have I said that often enough yet?)<\/p>\n<p><span style=\"font-size: 22px;\">When is a Maurice Boiste not a Boiste?<\/span><\/p>\n<p>OK, I admit it. This really was a trick question. The answer is: When it was a horn that Maurice Boiste stencilled for someone else.<\/p>\n<p>We&#8217;ve already seen the <a href=\"http:\/\/www.saxpics.com\/the_gallery\/pierret\/super8\/tenor\/silver\/deslaurier\/5d_3.JPG\" target=\"_blank\" rel=\"noopener\">P. Deslaurier tenor<\/a> from Saxpics that was made by Maurice Boiste. But we know from the Paul Beuscher alto that I&#8217;ve used for illustration purposes at the top of this page, that Boiste made horns for that company as well. To date these are the only two companies that I have seen Boiste stencils of. That&#8217;s not to say there aren&#8217;t more out there, I just likely haven&#8217;t seen them yet.<\/p>\n<p>Although I don&#8217;t have many Maurice Boiste horns in my <a href=\"http:\/\/bassic-sax.info\/4images\/categories.php?cat_id=1450\" target=\"_blank\" rel=\"noopener\">Bassic Sax Pix gallery<\/a> at the moment, I hope to, in time, find a few more examples. If you have a Maurice Boiste saxophone bearing either his name, or a stencil name, <a href=\"mailto:bassic.sax.info@gmail.com\" target=\"_blank\" rel=\"noopener\">I would really like to hear from you<\/a>. If you&#8217;d like to see your photos included in Bassic Sax Pix, even better!<\/p>\n","protected":false},"excerpt":{"rendered":"<p>Looking for pics? Check out the Maurice Boiste Gallery on Bassic Sax Pix. Maurice Boiste was a French saxophone maker in the early part of&hellip;<\/p>\n","protected":false},"author":3,"featured_media":0,"parent":96,"menu_order":0,"comment_status":"closed","ping_status":"closed","template":"","meta":{"ngg_post_thumbnail":0,"footnotes":""},"class_list":["post-6694","page","type-page","status-publish","hentry"],"aioseo_notices":[],"jetpack_shortlink":"https:\/\/wp.me\/P30OPe-1JY","jetpack_sharing_enabled":true,"_links":{"self":[{"href":"https:\/\/bassic-sax.info\/version5\/wp-json\/wp\/v2\/pages\/6694","targetHints":{"allow":["GET"]}}],"collection":[{"href":"https:\/\/bassic-sax.info\/version5\/wp-json\/wp\/v2\/pages"}],"about":[{"href":"https:\/\/bassic-sax.info\/version5\/wp-json\/wp\/v2\/types\/page"}],"author":[{"embeddable":true,"href":"https:\/\/bassic-sax.info\/version5\/wp-json\/wp\/v2\/users\/3"}],"replies":[{"embeddable":true,"href":"https:\/\/bassic-sax.info\/version5\/wp-json\/wp\/v2\/comments?post=6694"}],"version-history":[{"count":0,"href":"https:\/\/bassic-sax.info\/version5\/wp-json\/wp\/v2\/pages\/6694\/revisions"}],"up":[{"embeddable":true,"href":"https:\/\/bassic-sax.info\/version5\/wp-json\/wp\/v2\/pages\/96"}],"wp:attachment":[{"href":"https:\/\/bassic-sax.info\/version5\/wp-json\/wp\/v2\/media?parent=6694"}],"curies":[{"name":"wp","href":"https:\/\/api.w.org\/{rel}","templated":true}]}}